{"id":3609,"date":"2025-07-29T06:53:09","date_gmt":"2025-07-29T06:53:09","guid":{"rendered":"https:\/\/decareto.com\/signup\/"},"modified":"2025-12-15T17:04:50","modified_gmt":"2025-12-15T17:04:50","slug":"signup","status":"publish","type":"page","link":"https:\/\/decareto.com\/de\/signup\/","title":{"rendered":"SignUp"},"content":{"rendered":"\t\t<div data-elementor-type=\"wp-page\" data-elementor-id=\"3609\" class=\"elementor elementor-3609 elementor-3490\" data-elementor-post-type=\"page\">\n\t\t\t\t<main class=\"elementor-element elementor-element-6bb248a3 e-flex e-con-boxed e-con e-parent\" data-id=\"6bb248a3\" data-element_type=\"container\" data-settings=\"{&quot;background_background&quot;:&quot;classic&quot;}\">\n\t\t\t\t\t<div class=\"e-con-inner\">\n\t\t<div class=\"elementor-element elementor-element-33ec8dc6 e-con-full e-flex e-con e-child\" data-id=\"33ec8dc6\" data-element_type=\"container\">\n\t\t<div class=\"elementor-element elementor-element-837d1fb e-con-full e-flex e-con e-child\" data-id=\"837d1fb\" data-element_type=\"container\">\n\t\t\t\t<div class=\"elementor-element elementor-element-1b445996 elementor-widget elementor-widget-heading\" data-id=\"1b445996\" data-element_type=\"widget\" data-widget_type=\"heading.default\">\n\t\t\t\t\t<h1 class=\"elementor-heading-title elementor-size-default\">Jetzt anmelden und kostenfrei 14 Tage lang testen!<\/h1>\t\t\t\t<\/div>\n\t\t\t\t<div class=\"elementor-element elementor-element-4e4f3bc1 elementor-widget elementor-widget-text-editor\" data-id=\"4e4f3bc1\" data-element_type=\"widget\" data-widget_type=\"text-editor.default\">\n\t\t\t\t\t\t\t\t\t<p>Entdecken Sie die f\u00fchrende L\u00f6sung f\u00fcr DSGVO-Website-Audits<\/p>\t\t\t\t\t\t\t\t<\/div>\n\t\t\t\t<div class=\"elementor-element elementor-element-6ed70871 elementor-icon-list--layout-traditional elementor-list-item-link-full_width elementor-widget elementor-widget-icon-list\" data-id=\"6ed70871\" data-element_type=\"widget\" data-widget_type=\"icon-list.default\">\n\t\t\t\t\t\t\t<ul class=\"elementor-icon-list-items\">\n\t\t\t\t\t\t\t<li class=\"elementor-icon-list-item\">\n\t\t\t\t\t\t\t\t\t\t\t<span class=\"elementor-icon-list-icon\">\n\t\t\t\t\t\t\t<svg xmlns=\"http:\/\/www.w3.org\/2000\/svg\" width=\"20\" height=\"20\" viewBox=\"0 0 20 20\" fill=\"none\"><path d=\"M0.5 10C0.5 4.7533 4.7533 0.5 10 0.5C15.2467 0.5 19.5 4.7533 19.5 10C19.5 15.2467 15.2467 19.5 10 19.5C4.7533 19.5 0.5 15.2467 0.5 10Z\" fill=\"url(#paint0_linear_2168_445)\"><\/path><path d=\"M0.5 10C0.5 4.7533 4.7533 0.5 10 0.5C15.2467 0.5 19.5 4.7533 19.5 10C19.5 15.2467 15.2467 19.5 10 19.5C4.7533 19.5 0.5 15.2467 0.5 10Z\" stroke=\"url(#paint1_linear_2168_445)\"><\/path><path d=\"M6.25 10.75L8.5 13L13.75 7.75\" stroke=\"white\" stroke-linecap=\"round\" stroke-linejoin=\"round\"><\/path><defs><linearGradient id=\"paint0_linear_2168_445\" x1=\"9.58333\" y1=\"21.3158\" x2=\"9.58334\" y2=\"-1.31579\" gradientUnits=\"userSpaceOnUse\"><stop stop-color=\"#25A7FF\"><\/stop><stop offset=\"1\" stop-color=\"#52B9FF\"><\/stop><\/linearGradient><linearGradient id=\"paint1_linear_2168_445\" x1=\"-1.48148\" y1=\"25\" x2=\"20.1981\" y2=\"24.708\" gradientUnits=\"userSpaceOnUse\"><stop offset=\"0.0885124\" stop-color=\"#30ACFF\"><\/stop><stop offset=\"0.516867\" stop-color=\"#C5E5F1\"><\/stop><stop offset=\"1\" stop-color=\"#31AAFF\"><\/stop><\/linearGradient><\/defs><\/svg>\t\t\t\t\t\t<\/span>\n\t\t\t\t\t\t\t\t\t\t<span class=\"elementor-icon-list-text\">Automatisierte DSVGO- und Barrierefreiheit-Compliance<\/span>\n\t\t\t\t\t\t\t\t\t<\/li>\n\t\t\t\t\t\t\t\t<li class=\"elementor-icon-list-item\">\n\t\t\t\t\t\t\t\t\t\t\t<span class=\"elementor-icon-list-icon\">\n\t\t\t\t\t\t\t<svg xmlns=\"http:\/\/www.w3.org\/2000\/svg\" width=\"20\" height=\"20\" viewBox=\"0 0 20 20\" fill=\"none\"><path d=\"M0.5 10C0.5 4.7533 4.7533 0.5 10 0.5C15.2467 0.5 19.5 4.7533 19.5 10C19.5 15.2467 15.2467 19.5 10 19.5C4.7533 19.5 0.5 15.2467 0.5 10Z\" fill=\"url(#paint0_linear_2168_445)\"><\/path><path d=\"M0.5 10C0.5 4.7533 4.7533 0.5 10 0.5C15.2467 0.5 19.5 4.7533 19.5 10C19.5 15.2467 15.2467 19.5 10 19.5C4.7533 19.5 0.5 15.2467 0.5 10Z\" stroke=\"url(#paint1_linear_2168_445)\"><\/path><path d=\"M6.25 10.75L8.5 13L13.75 7.75\" stroke=\"white\" stroke-linecap=\"round\" stroke-linejoin=\"round\"><\/path><defs><linearGradient id=\"paint0_linear_2168_445\" x1=\"9.58333\" y1=\"21.3158\" x2=\"9.58334\" y2=\"-1.31579\" gradientUnits=\"userSpaceOnUse\"><stop stop-color=\"#25A7FF\"><\/stop><stop offset=\"1\" stop-color=\"#52B9FF\"><\/stop><\/linearGradient><linearGradient id=\"paint1_linear_2168_445\" x1=\"-1.48148\" y1=\"25\" x2=\"20.1981\" y2=\"24.708\" gradientUnits=\"userSpaceOnUse\"><stop offset=\"0.0885124\" stop-color=\"#30ACFF\"><\/stop><stop offset=\"0.516867\" stop-color=\"#C5E5F1\"><\/stop><stop offset=\"1\" stop-color=\"#31AAFF\"><\/stop><\/linearGradient><\/defs><\/svg>\t\t\t\t\t\t<\/span>\n\t\t\t\t\t\t\t\t\t\t<span class=\"elementor-icon-list-text\">Detaillierte Reports<\/span>\n\t\t\t\t\t\t\t\t\t<\/li>\n\t\t\t\t\t\t\t\t<li class=\"elementor-icon-list-item\">\n\t\t\t\t\t\t\t\t\t\t\t<span class=\"elementor-icon-list-icon\">\n\t\t\t\t\t\t\t<svg xmlns=\"http:\/\/www.w3.org\/2000\/svg\" width=\"20\" height=\"20\" viewBox=\"0 0 20 20\" fill=\"none\"><path d=\"M0.5 10C0.5 4.7533 4.7533 0.5 10 0.5C15.2467 0.5 19.5 4.7533 19.5 10C19.5 15.2467 15.2467 19.5 10 19.5C4.7533 19.5 0.5 15.2467 0.5 10Z\" fill=\"url(#paint0_linear_2168_445)\"><\/path><path d=\"M0.5 10C0.5 4.7533 4.7533 0.5 10 0.5C15.2467 0.5 19.5 4.7533 19.5 10C19.5 15.2467 15.2467 19.5 10 19.5C4.7533 19.5 0.5 15.2467 0.5 10Z\" stroke=\"url(#paint1_linear_2168_445)\"><\/path><path d=\"M6.25 10.75L8.5 13L13.75 7.75\" stroke=\"white\" stroke-linecap=\"round\" stroke-linejoin=\"round\"><\/path><defs><linearGradient id=\"paint0_linear_2168_445\" x1=\"9.58333\" y1=\"21.3158\" x2=\"9.58334\" y2=\"-1.31579\" gradientUnits=\"userSpaceOnUse\"><stop stop-color=\"#25A7FF\"><\/stop><stop offset=\"1\" stop-color=\"#52B9FF\"><\/stop><\/linearGradient><linearGradient id=\"paint1_linear_2168_445\" x1=\"-1.48148\" y1=\"25\" x2=\"20.1981\" y2=\"24.708\" gradientUnits=\"userSpaceOnUse\"><stop offset=\"0.0885124\" stop-color=\"#30ACFF\"><\/stop><stop offset=\"0.516867\" stop-color=\"#C5E5F1\"><\/stop><stop offset=\"1\" stop-color=\"#31AAFF\"><\/stop><\/linearGradient><\/defs><\/svg>\t\t\t\t\t\t<\/span>\n\t\t\t\t\t\t\t\t\t\t<span class=\"elementor-icon-list-text\">Kontinuierliche \u00dcberwachung<\/span>\n\t\t\t\t\t\t\t\t\t<\/li>\n\t\t\t\t\t\t<\/ul>\n\t\t\t\t\t\t<\/div>\n\t\t<div class=\"elementor-element elementor-element-1fcc7a48 e-con-full e-flex e-con e-child\" data-id=\"1fcc7a48\" data-element_type=\"container\">\n\t\t\t\t<div class=\"elementor-element elementor-element-47f43481 elementor-view-default elementor-widget elementor-widget-icon\" data-id=\"47f43481\" data-element_type=\"widget\" data-widget_type=\"icon.default\">\n\t\t\t\t\t\t\t<div class=\"elementor-icon-wrapper\">\n\t\t\t<div class=\"elementor-icon\">\n\t\t\t<svg xmlns=\"http:\/\/www.w3.org\/2000\/svg\" viewBox=\"0 0 448 512\"><path d=\"M0 216C0 149.7 53.7 96 120 96h8c17.7 0 32 14.3 32 32s-14.3 32-32 32h-8c-30.9 0-56 25.1-56 56v8h64c35.3 0 64 28.7 64 64v64c0 35.3-28.7 64-64 64H64c-35.3 0-64-28.7-64-64V320 288 216zm256 0c0-66.3 53.7-120 120-120h8c17.7 0 32 14.3 32 32s-14.3 32-32 32h-8c-30.9 0-56 25.1-56 56v8h64c35.3 0 64 28.7 64 64v64c0 35.3-28.7 64-64 64H320c-35.3 0-64-28.7-64-64V320 288 216z\"><\/path><\/svg>\t\t\t<\/div>\n\t\t<\/div>\n\t\t\t\t\t\t<\/div>\n\t\t\t\t<div class=\"elementor-element elementor-element-762bf6a0 elementor-widget elementor-widget-text-editor\" data-id=\"762bf6a0\" data-element_type=\"widget\" data-widget_type=\"text-editor.default\">\n\t\t\t\t\t\t\t\t\t<p>decareto ist der &#8222;Goldstandard&#8220; am Markt der Tools f\u00fcr automatisierte Website-Audits.<\/p>\t\t\t\t\t\t\t\t<\/div>\n\t\t\t\t<div class=\"elementor-element elementor-element-6092a8f3 elementor-widget elementor-widget-text-editor\" data-id=\"6092a8f3\" data-element_type=\"widget\" data-widget_type=\"text-editor.default\">\n\t\t\t\t\t\t\t\t\t<p>Markus Ryhsen<\/p>\t\t\t\t\t\t\t\t<\/div>\n\t\t\t\t<div class=\"elementor-element elementor-element-7b44abc8 elementor-widget elementor-widget-text-editor\" data-id=\"7b44abc8\" data-element_type=\"widget\" data-widget_type=\"text-editor.default\">\n\t\t\t\t\t\t\t\t\t<p>Tengelmann Audit GmbH<\/p>\t\t\t\t\t\t\t\t<\/div>\n\t\t\t\t<\/div>\n\t\t\t\t<\/div>\n\t\t<div class=\"elementor-element elementor-element-5fa6053d e-con-full e-flex e-con e-child\" data-id=\"5fa6053d\" data-element_type=\"container\">\n\t\t<div class=\"elementor-element elementor-element-1d905076 e-con-full e-flex e-con e-child\" data-id=\"1d905076\" data-element_type=\"container\" data-settings=\"{&quot;background_background&quot;:&quot;classic&quot;}\">\n\t\t\t\t<div class=\"elementor-element elementor-element-a7881d9 elementor-widget elementor-widget-html\" data-id=\"a7881d9\" data-element_type=\"widget\" data-widget_type=\"html.default\">\n\t\t\t\t\t<div class=\"signup-form-wrapper\">\n    <form class=\"\" id=\"bo_signup_form\">\n    <div class=\"signup-input-wrapper\"><input class=\"signup-input field\" type=\"text\" id=\"firstname\" name=\"firstname\" value=\"\" placeholder=\"Vorname\" required1=\"\"><\/div>\n    <div class=\"signup-input-wrapper\"><input class=\"signup-input field\" type=\"text\" id=\"lastname\" name=\"lastname\" value=\"\" placeholder=\"Nachname\" required1=\"\"><\/div>\n    <div class=\"signup-input-wrapper\"><input class=\"signup-input field\" type=\"email\" id=\"email\" name=\"email\" value=\"\" placeholder=\"Business-Email\" required1=\"\"><\/div>\n    <div class=\"signup-input-wrapper\"><input class=\"signup-input field\" type=\"password\" id=\"password\" name=\"password\" value=\"\" placeholder=\"Passwort\" required1=\"\"><\/div>\n    <div class=\"signup-text\">\n        Mit der Anmeldung stimme ich den <a href=\"https:\/\/decareto.com\/de\/allgemeine-geschaeftsbedingungen\/\" target=\"_blank\" data-auto-event-observed=\"true\">Nutzungsbedingungen<\/a> zu und nehme die <a href=\"https:\/\/decareto.com\/de\/datenschutz\/\" target=\"_blank\" data-auto-event-observed=\"true\">Datenschutzhinweise<\/a> zur Kenntnis.\n    <\/div>\n    <div>\n      <button class=\"btn_border_blue\" type=\"submit\">\n        Kostenlosen Zugang anlegen\n      <\/button>\n    <\/div>\n  <\/form>\n<\/div>\n\n<script>\ndocument.addEventListener('DOMContentLoaded', function() {\njQuery('#bo_signup_form').on('submit', function(e) {\n    e.preventDefault();\n    \n    const $form = jQuery(this);\n    let data = $form.serialize();\n    \n    jQuery('<div class=\"spinner-border spinner-border-sm\" role=\"status\"><\/div>').prependTo('.signup-form-wrapper button');\n    jQuery('.signup-form-wrapper button').attr('disabled', true);\n    \n    \/\/add token \n    data += '&form_token=' + form_token;\n    \n    let post_url = 'https:\/\/app.decareto.de\/client\/signup\/signup_confirmation\/';\n    \n    \/\/ add utm params\n    post_url+= utmQueryString;\n    \n    \/\/ add referal info\n    if (ref_rule && ref_id) {\n        post_url+= '&ref_rule=' + ref_rule;\n        post_url+= '&ref_id=' + ref_id;\n    }\n    \n    const widget_sid = (window.location.search.match(\/sid=([^&]+)\/) || [])[1];\n    if (widget_sid) {\n        post_url+= '&sid=' + widget_sid;\n    }\n \n    jQuery.ajax({\n    url: post_url,\n    method: 'POST',\n    data: data,\n    success: function(data) {\n        let result;\n        \n        try {\n        result = typeof data === 'string' ? JSON.parse(data) : data;\n        } catch (e) {\n            console.error('not_valid_json', data);\n            return;\n        }\n    \n        if (result.status === 'error' && result.errors) {\n            jQuery('.error-msg').remove();\n            for (const key in result.errors) {\n                const message = result.errors[key];\n                \n                if (key === 'redirect') {\n                    window.location.href = message;\n                } else if (['firstname', 'lastname', 'email', 'password'].includes(key)) {\n                    const $field = jQuery('[name=\"' + key + '\"]');\n                    if ($field.length) {\n                        $field.next('.error-msg').remove();\n                        jQuery('<div class=\"error-msg\">' + message + '<\/div>')\n                        .insertAfter($field);\n                    }\n                } else if (key === 'unknown') {\n                    jQuery('#global-error').remove(); \n                    jQuery('<div id=\"global-error\">' + message + '<\/div>')\n                      .prependTo('form');\n                }\n            }\n        }\n        \n        jQuery('.spinner-border').remove();\n        jQuery('.signup-form-wrapper button').attr('disabled', false);\n        if (result.status === 'success') {\n            jQuery('#bo_signup_form').hide();\n            jQuery('.signup_success').addClass('show');\n            if (typeof(_etracker) === 'object') {\n                et_eC_Wrapper({\n                et_et: 'yj9x9x',\n                et_pagename: 'signup_confirm'\n                });\n            }\n        }\n    },\n    error: function(data) {\n        jQuery('.spinner-border').remove();\n        jQuery('.signup-form-wrapper button').attr('disabled', false);\n        console.warn('error', data);\n    }\n    });\n    \n});\n});\n<\/script>\t\t\t\t<\/div>\n\t\t<div class=\"elementor-element elementor-element-f232c39 e-con-full signup_success e-flex e-con e-child\" data-id=\"f232c39\" data-element_type=\"container\" data-settings=\"{&quot;background_background&quot;:&quot;classic&quot;}\">\n\t\t\t\t<div class=\"elementor-element elementor-element-ecfd544 elementor-view-default elementor-widget elementor-widget-icon\" data-id=\"ecfd544\" data-element_type=\"widget\" data-widget_type=\"icon.default\">\n\t\t\t\t\t\t\t<div class=\"elementor-icon-wrapper\">\n\t\t\t<div class=\"elementor-icon\">\n\t\t\t<svg xmlns=\"http:\/\/www.w3.org\/2000\/svg\" width=\"136\" height=\"136\" viewBox=\"0 0 136 136\" fill=\"none\"><rect width=\"136\" height=\"136\" rx=\"68\" fill=\"#3FB1FF\" fill-opacity=\"0.101961\"><\/rect><path d=\"M53 71L62 79L84 59\" stroke=\"#3FB1FF\" stroke-width=\"5\" stroke-linecap=\"round\" stroke-linejoin=\"round\"><\/path><\/svg>\t\t\t<\/div>\n\t\t<\/div>\n\t\t\t\t\t\t<\/div>\n\t\t\t\t<div class=\"elementor-element elementor-element-1dd5de0 elementor-widget elementor-widget-text-editor\" data-id=\"1dd5de0\" data-element_type=\"widget\" data-widget_type=\"text-editor.default\">\n\t\t\t\t\t\t\t\t\t<p>Wir haben Ihnen eine E-Mail geschickt<\/p>\t\t\t\t\t\t\t\t<\/div>\n\t\t\t\t<div class=\"elementor-element elementor-element-7b38ab1 elementor-widget elementor-widget-text-editor\" data-id=\"7b38ab1\" data-element_type=\"widget\" data-widget_type=\"text-editor.default\">\n\t\t\t\t\t\t\t\t\tUm Ihre Email-Adresse zu verifizieren folgen Sie bitte den Hinweisen in der Email. Bitte pr\u00fcfen Sie auch das Spam-Verzeichnis, falls keine Email ankommt.\t\t\t\t\t\t\t\t<\/div>\n\t\t\t\t<\/div>\n\t\t\t\t<\/div>\n\t\t\t\t<div class=\"elementor-element elementor-element-a7b7870 elementor-icon-list--layout-inline elementor-align-center elementor-list-item-link-full_width elementor-widget elementor-widget-icon-list\" data-id=\"a7b7870\" data-element_type=\"widget\" data-widget_type=\"icon-list.default\">\n\t\t\t\t\t\t\t<ul class=\"elementor-icon-list-items elementor-inline-items\">\n\t\t\t\t\t\t\t<li class=\"elementor-icon-list-item elementor-inline-item\">\n\t\t\t\t\t\t\t\t\t\t\t<span class=\"elementor-icon-list-icon\">\n\t\t\t\t\t\t\t<svg xmlns=\"http:\/\/www.w3.org\/2000\/svg\" width=\"16\" height=\"16\" viewBox=\"0 0 16 16\" fill=\"none\"><path d=\"M0 8C0 3.58172 3.58172 0 8 0C12.4183 0 16 3.58172 16 8C16 12.4183 12.4183 16 8 16C3.58172 16 0 12.4183 0 8Z\" fill=\"#64636A\" fill-opacity=\"0.1\"><\/path><path d=\"M5 8.60001L6.8 10.4L11 6.20001\" stroke=\"#64636A\" stroke-width=\"0.8\" stroke-linecap=\"round\" stroke-linejoin=\"round\"><\/path><\/svg>\t\t\t\t\t\t<\/span>\n\t\t\t\t\t\t\t\t\t\t<span class=\"elementor-icon-list-text\">Keine Kreditkarte erforderlich<\/span>\n\t\t\t\t\t\t\t\t\t<\/li>\n\t\t\t\t\t\t\t\t<li class=\"elementor-icon-list-item elementor-inline-item\">\n\t\t\t\t\t\t\t\t\t\t\t<span class=\"elementor-icon-list-icon\">\n\t\t\t\t\t\t\t<svg xmlns=\"http:\/\/www.w3.org\/2000\/svg\" width=\"16\" height=\"16\" viewBox=\"0 0 16 16\" fill=\"none\"><path d=\"M0 8C0 3.58172 3.58172 0 8 0C12.4183 0 16 3.58172 16 8C16 12.4183 12.4183 16 8 16C3.58172 16 0 12.4183 0 8Z\" fill=\"#64636A\" fill-opacity=\"0.1\"><\/path><path d=\"M5 8.60001L6.8 10.4L11 6.20001\" stroke=\"#64636A\" stroke-width=\"0.8\" stroke-linecap=\"round\" stroke-linejoin=\"round\"><\/path><\/svg>\t\t\t\t\t\t<\/span>\n\t\t\t\t\t\t\t\t\t\t<span class=\"elementor-icon-list-text\">14 Tage kostenlos testen<\/span>\n\t\t\t\t\t\t\t\t\t<\/li>\n\t\t\t\t\t\t\t\t<li class=\"elementor-icon-list-item elementor-inline-item\">\n\t\t\t\t\t\t\t\t\t\t\t<span class=\"elementor-icon-list-icon\">\n\t\t\t\t\t\t\t<svg xmlns=\"http:\/\/www.w3.org\/2000\/svg\" width=\"13\" height=\"17\" viewBox=\"0 0 13 17\" fill=\"none\"><path d=\"M7.15504 0.516048C6.76666 0.228984 6.23334 0.228984 5.84496 0.516048C4.08949 1.81354 2.76601 2.06743 1.00044 2.11469C0.448358 2.12946 0 2.57272 0 3.125V10.2956C0 13.416 2.11876 14.3292 5.97074 16.6751C6.29485 16.8724 6.70515 16.8724 7.02926 16.6751C10.8812 14.3292 13 13.416 13 10.2956C13 7.94241 13 4.72984 13 3.1242C13 2.57192 12.5516 2.12946 11.9996 2.11469C10.234 2.06743 8.91051 1.81354 7.15504 0.516048Z\" fill=\"#64636A\" fill-opacity=\"0.2\"><\/path><\/svg>\t\t\t\t\t\t<\/span>\n\t\t\t\t\t\t\t\t\t\t<span class=\"elementor-icon-list-text\">Geht nicht in Vertrag \u00fcber<\/span>\n\t\t\t\t\t\t\t\t\t<\/li>\n\t\t\t\t\t\t<\/ul>\n\t\t\t\t\t\t<\/div>\n\t\t\t\t<\/div>\n\t\t\t\t<\/div>\n\t\t\t\t\t<\/div>\n\t\t\t\t<\/main>\n\t\t\t\t<\/div>\n\t\t","protected":false},"excerpt":{"rendered":"<p>Jetzt anmelden und kostenfrei 14 Tage lang testen! Entdecken Sie die f\u00fchrende L\u00f6sung f\u00fcr DSGVO-Website-Audits Automatisierte DSVGO- und Barrierefreiheit-Compliance Detaillierte Reports Kontinuierliche \u00dcberwachung decareto ist der &#8222;Goldstandard&#8220; am Markt der Tools f\u00fcr automatisierte Website-Audits. Markus Ryhsen Tengelmann Audit GmbH Mit der Anmeldung stimme ich den Nutzungsbedingungen zu und nehme die Datenschutzhinweise zur Kenntnis. Kostenlosen Zugang [&hellip;]<\/p>\n","protected":false},"author":3,"featured_media":0,"parent":0,"menu_order":0,"comment_status":"closed","ping_status":"closed","template":"elementor_header_footer","meta":{"_acf_changed":false,"_seopress_robots_primary_cat":"","_seopress_titles_title":"","_seopress_titles_desc":"","_seopress_robots_index":"","footnotes":""},"class_list":["post-3609","page","type-page","status-publish","hentry"],"acf":[],"_links":{"self":[{"href":"https:\/\/decareto.com\/de\/wp-json\/wp\/v2\/pages\/3609","targetHints":{"allow":["GET"]}}],"collection":[{"href":"https:\/\/decareto.com\/de\/wp-json\/wp\/v2\/pages"}],"about":[{"href":"https:\/\/decareto.com\/de\/wp-json\/wp\/v2\/types\/page"}],"author":[{"embeddable":true,"href":"https:\/\/decareto.com\/de\/wp-json\/wp\/v2\/users\/3"}],"replies":[{"embeddable":true,"href":"https:\/\/decareto.com\/de\/wp-json\/wp\/v2\/comments?post=3609"}],"version-history":[{"count":33,"href":"https:\/\/decareto.com\/de\/wp-json\/wp\/v2\/pages\/3609\/revisions"}],"predecessor-version":[{"id":4102,"href":"https:\/\/decareto.com\/de\/wp-json\/wp\/v2\/pages\/3609\/revisions\/4102"}],"wp:attachment":[{"href":"https:\/\/decareto.com\/de\/wp-json\/wp\/v2\/media?parent=3609"}],"curies":[{"name":"wp","href":"https:\/\/api.w.org\/{rel}","templated":true}]}}