{"id":3271,"date":"2025-05-26T09:16:55","date_gmt":"2025-05-26T09:16:55","guid":{"rendered":"https:\/\/decareto.com\/?page_id=3271"},"modified":"2025-05-26T09:20:22","modified_gmt":"2025-05-26T09:20:22","slug":"erklaerung-zur-barrierefreiheit","status":"publish","type":"page","link":"https:\/\/decareto.com\/de\/erklaerung-zur-barrierefreiheit\/","title":{"rendered":"Erkl\u00e4rung zur Barrierefreiheit"},"content":{"rendered":"\t\t<div data-elementor-type=\"wp-page\" data-elementor-id=\"3271\" class=\"elementor elementor-3271\" data-elementor-post-type=\"page\">\n\t\t\t\t<div class=\"elementor-element elementor-element-da8f880 e-con-full e-flex e-con e-parent\" data-id=\"da8f880\" data-element_type=\"container\">\n\t\t\t\t<div class=\"elementor-element elementor-element-2a1f4ff content_links header_colors elementor-widget elementor-widget-text-editor\" data-id=\"2a1f4ff\" data-element_type=\"widget\" data-widget_type=\"text-editor.default\">\n\t\t\t\t\t\t\t\t\t<h1><strong>Erkl\u00e4rung Barrierefreiheit<\/strong><\/h1><h2>Erkl\u00e4rung<\/h2><p class=\"richtext richtext--textdecoration-default --text-default --margintop-element-none --marginbottom-element-none\" lang=\"de\">Die decareto GmbH ist bem\u00fcht, ihre Webseite in \u00dcbereinstimmung mit dem Barrierefreiheits-St\u00e4rkungs-Gesetz (BFSG) barrierefrei zug\u00e4nglich zu machen.<\/p><p class=\"richtext richtext--textdecoration-default --text-default --margintop-element-none --marginbottom-element-standard\" lang=\"de\">Diese Erkl\u00e4rung zur Barrierefreiheit gilt f\u00fcr die Webseite: www.decareto.com.<\/p><h2 class=\"headline__headline\"><span class=\"headline__headlinetext --unknown-buergerbuehne-icon\">Stand der Barrierefreiheit<\/span><\/h2><p class=\"richtext richtext--textdecoration-default --text-default --margintop-element-none --marginbottom-element-none\" lang=\"de\">Grundlage der Barrierefreiheit sind die international g\u00fcltigen Web Content Accessibility Guidelines (WCAG 2.1) auf Konformit\u00e4tsstufe AA.<\/p><p class=\"richtext richtext--textdecoration-default --text-default --margintop-element-none --marginbottom-element-standard\" lang=\"de\">Die Website www.decareto.com ist nach der oben genannten Richtlinie nur teilweise barrierefrei.<\/p><h2 class=\"headline__headline\"><span class=\"headline__headlinetext --unknown-buergerbuehne-icon\">Barrierefreiheit \u00fcber die gesetzlichen Anforderungen hinaus<\/span><\/h2><p>Wir haben die Absicht, die Barrierefreiheit \u00fcber gesetzliche Anforderungen hinaus zu verbessern und arbeiten kontinuierlich an der Verbesserung unserer Barrierefreiheit.<\/p><div class=\"headline headline--size-h2  --margintop-element-none --marginbottom-element-none\" lang=\"de\"><h2 class=\"headline__headline\"><span class=\"headline__headlinetext --unknown-buergerbuehne-icon\">Erstellung der Erkl\u00e4rung<\/span><\/h2><\/div><p class=\"richtext richtext--textdecoration-default --text-default --margintop-element-none --marginbottom-element-standard\" lang=\"de\">Diese Erkl\u00e4rung wurde am 26. Mai 2025 erstellt.\u00a0<\/p><div class=\"headline headline--size-h2  --margintop-element-none --marginbottom-element-none\" lang=\"de\"><h2 class=\"headline__headline\"><span class=\"headline__headlinetext --unknown-buergerbuehne-icon\">Feedback und Kontaktangaben<\/span><\/h2><\/div><p class=\"richtext richtext--textdecoration-default --text-default --margintop-element-none --marginbottom-element-standard\" lang=\"de\">Falls Sie bei der Verwendung der Website www.decareto.com auf Barrieren sto\u00dfen oder weitere Anregungen oder Fragen zur Umsetzung der Barrierefreiheit haben, k\u00f6nnen Sie sich an uns wenden:<\/p><p lang=\"de\">decareto GmbH<br \/>Mittelweg 144<br \/>20148 Hamburg<br \/>info@decareto.de<\/p>\t\t\t\t\t\t\t\t<\/div>\n\t\t\t\t<\/div>\n\t\t\t\t<\/div>\n\t\t","protected":false},"excerpt":{"rendered":"<p>Erkl\u00e4rung Barrierefreiheit Erkl\u00e4rung Die decareto GmbH ist bem\u00fcht, ihre Webseite in \u00dcbereinstimmung mit dem Barrierefreiheits-St\u00e4rkungs-Gesetz (BFSG) barrierefrei zug\u00e4nglich zu machen. Diese Erkl\u00e4rung zur Barrierefreiheit gilt f\u00fcr die Webseite: www.decareto.com. Stand der Barrierefreiheit Grundlage der Barrierefreiheit sind die international g\u00fcltigen Web Content Accessibility Guidelines (WCAG 2.1) auf Konformit\u00e4tsstufe AA. Die Website www.decareto.com ist nach der oben [&hellip;]<\/p>\n","protected":false},"author":2,"featured_media":0,"parent":0,"menu_order":0,"comment_status":"closed","ping_status":"open","template":"","meta":{"_acf_changed":false,"_seopress_robots_primary_cat":"","_seopress_titles_title":"Erkl\u00e4rung zur Barrierefreiheit - decareto","_seopress_titles_desc":"","_seopress_robots_index":"","footnotes":""},"class_list":["post-3271","page","type-page","status-publish","hentry"],"acf":[],"_links":{"self":[{"href":"https:\/\/decareto.com\/de\/wp-json\/wp\/v2\/pages\/3271","targetHints":{"allow":["GET"]}}],"collection":[{"href":"https:\/\/decareto.com\/de\/wp-json\/wp\/v2\/pages"}],"about":[{"href":"https:\/\/decareto.com\/de\/wp-json\/wp\/v2\/types\/page"}],"author":[{"embeddable":true,"href":"https:\/\/decareto.com\/de\/wp-json\/wp\/v2\/users\/2"}],"replies":[{"embeddable":true,"href":"https:\/\/decareto.com\/de\/wp-json\/wp\/v2\/comments?post=3271"}],"version-history":[{"count":9,"href":"https:\/\/decareto.com\/de\/wp-json\/wp\/v2\/pages\/3271\/revisions"}],"predecessor-version":[{"id":3286,"href":"https:\/\/decareto.com\/de\/wp-json\/wp\/v2\/pages\/3271\/revisions\/3286"}],"wp:attachment":[{"href":"https:\/\/decareto.com\/de\/wp-json\/wp\/v2\/media?parent=3271"}],"curies":[{"name":"wp","href":"https:\/\/api.w.org\/{rel}","templated":true}]}}