{"id":3204,"date":"2025-05-08T09:03:32","date_gmt":"2025-05-08T09:03:32","guid":{"rendered":"https:\/\/decareto.com\/widget-demo-page\/"},"modified":"2025-05-15T10:52:56","modified_gmt":"2025-05-15T10:52:56","slug":"widget-demo","status":"publish","type":"page","link":"https:\/\/decareto.com\/de\/widget-demo\/","title":{"rendered":"Widget Beispielseite"},"content":{"rendered":"\t\t<div data-elementor-type=\"wp-page\" data-elementor-id=\"3204\" class=\"elementor elementor-3204 elementor-3190\" data-elementor-post-type=\"page\">\n\t\t\t\t<div class=\"elementor-element elementor-element-122dc615 e-flex e-con-boxed e-con e-parent\" data-id=\"122dc615\" data-element_type=\"container\">\n\t\t\t\t\t<div class=\"e-con-inner\">\n\t\t\t\t<div class=\"elementor-element elementor-element-b6c96cb elementor-widget elementor-widget-heading\" data-id=\"b6c96cb\" data-element_type=\"widget\" data-widget_type=\"heading.default\">\n\t\t\t\t\t<h1 class=\"elementor-heading-title elementor-size-default\">Kunden gewinnen mit dem Scan-Widget von decareto<\/h1>\t\t\t\t<\/div>\n\t\t\t\t<div class=\"elementor-element elementor-element-ce64411 elementor-widget__width-initial elementor-widget elementor-widget-text-editor\" data-id=\"ce64411\" data-element_type=\"widget\" data-widget_type=\"text-editor.default\">\n\t\t\t\t\t\t\t\t\t<p>Mit unserem Scan-Widget k\u00f6nnen Datensch\u00fctzer, Anw\u00e4lte oder Web-Agenturen datenschutzkonform die Kontaktdaten potentieller Neukunden gewinnen. Sie integrieren einfach einen &#8222;Embed-Code&#8220; (ein St\u00fcckchen HTML) in Ihre Website, und schon wird ein Formular wie dieses angezeigt (geben Sie gerne eine Web-Adresse ein und probieren Sie es aus):<\/p>\t\t\t\t\t\t\t\t<\/div>\n\t\t\t\t<div class=\"elementor-element elementor-element-8913042 elementor-widget__width-initial elementor-widget elementor-widget-html\" data-id=\"8913042\" data-element_type=\"widget\" data-widget_type=\"html.default\">\n\t\t\t\t\t<div id=\"dcwg_embed\" uid=\"283802\"><\/div>\n<script src=\"https:\/\/app.decareto.de\/js\/vendor\/decareto_widget.js\"><\/script>\n\n<style>\n.dcwg_subheading {\n    text-align: left!important;\n}\n\n#dcwg_start_scan_btn::before {\n    content: none!important;\n}\n<\/style>\t\t\t\t<\/div>\n\t\t\t\t<div class=\"elementor-element elementor-element-559ec4b7 elementor-widget__width-initial content_links elementor-widget elementor-widget-text-editor\" data-id=\"559ec4b7\" data-element_type=\"widget\" data-widget_type=\"text-editor.default\">\n\t\t\t\t\t\t\t\t\t<p>F\u00fcr einen detaillierten und kostenlosen Report m\u00fcssen Besucher im Gegenzug ihre Kontaktdaten hinterlassen &#8211; eine extrem kosteng\u00fcnstige Form der Leadgenerierung.<br \/><a href=\"https:\/\/decareto.atlassian.net\/wiki\/x\/AYC0HwM\">Besuchen Sie f\u00fcr mehr Informationen unseren Hilfebereich<\/a>\u00a0oder\u00a0<a href=\"https:\/\/decareto.de\/demo\">buchen Sie eine Demo<\/a>, in der wir Ihnen zeigen, wie Sie mit decareto Ihr Neugesch\u00e4ft unterst\u00fctzen!<\/p>\t\t\t\t\t\t\t\t<\/div>\n\t\t\t\t\t<\/div>\n\t\t\t\t<\/div>\n\t\t\t\t<\/div>\n\t\t","protected":false},"excerpt":{"rendered":"<p>Kunden gewinnen mit dem Scan-Widget von decareto Mit unserem Scan-Widget k\u00f6nnen Datensch\u00fctzer, Anw\u00e4lte oder Web-Agenturen datenschutzkonform die Kontaktdaten potentieller Neukunden gewinnen. Sie integrieren einfach einen &#8222;Embed-Code&#8220; (ein St\u00fcckchen HTML) in Ihre Website, und schon wird ein Formular wie dieses angezeigt (geben Sie gerne eine Web-Adresse ein und probieren Sie es aus): F\u00fcr einen detaillierten und [&hellip;]<\/p>\n","protected":false},"author":3,"featured_media":0,"parent":0,"menu_order":0,"comment_status":"closed","ping_status":"closed","template":"","meta":{"_acf_changed":false,"_seopress_robots_primary_cat":"","_seopress_titles_title":"","_seopress_titles_desc":"","_seopress_robots_index":"","footnotes":""},"class_list":["post-3204","page","type-page","status-publish","hentry"],"acf":[],"_links":{"self":[{"href":"https:\/\/decareto.com\/de\/wp-json\/wp\/v2\/pages\/3204","targetHints":{"allow":["GET"]}}],"collection":[{"href":"https:\/\/decareto.com\/de\/wp-json\/wp\/v2\/pages"}],"about":[{"href":"https:\/\/decareto.com\/de\/wp-json\/wp\/v2\/types\/page"}],"author":[{"embeddable":true,"href":"https:\/\/decareto.com\/de\/wp-json\/wp\/v2\/users\/3"}],"replies":[{"embeddable":true,"href":"https:\/\/decareto.com\/de\/wp-json\/wp\/v2\/comments?post=3204"}],"version-history":[{"count":10,"href":"https:\/\/decareto.com\/de\/wp-json\/wp\/v2\/pages\/3204\/revisions"}],"predecessor-version":[{"id":3222,"href":"https:\/\/decareto.com\/de\/wp-json\/wp\/v2\/pages\/3204\/revisions\/3222"}],"wp:attachment":[{"href":"https:\/\/decareto.com\/de\/wp-json\/wp\/v2\/media?parent=3204"}],"curies":[{"name":"wp","href":"https:\/\/api.w.org\/{rel}","templated":true}]}}