{"id":3076,"date":"2025-03-20T13:06:36","date_gmt":"2025-03-20T13:06:36","guid":{"rendered":"https:\/\/decareto.com\/accessibility-checker\/"},"modified":"2025-11-10T08:40:30","modified_gmt":"2025-11-10T08:40:30","slug":"barrierefreiheit-testen","status":"publish","type":"page","link":"https:\/\/decareto.com\/de\/barrierefreiheit-testen\/","title":{"rendered":"Barrierefreiheit"},"content":{"rendered":"\t\t<div data-elementor-type=\"wp-page\" data-elementor-id=\"3076\" class=\"elementor elementor-3076 elementor-2994\" data-elementor-post-type=\"page\">\n\t\t\t\t<main class=\"elementor-element elementor-element-5f083fa e-con-full e-flex e-con e-parent\" data-id=\"5f083fa\" data-element_type=\"container\">\n\t\t<div class=\"elementor-element elementor-element-b9f1aeb hero_gradient e-flex e-con-boxed e-con e-child\" data-id=\"b9f1aeb\" data-element_type=\"container\">\n\t\t\t\t\t<div class=\"e-con-inner\">\n\t\t\t\t<div class=\"elementor-element elementor-element-ecbc5e1 elementor-widget__width-initial elementor-widget elementor-widget-text-editor\" data-id=\"ecbc5e1\" data-element_type=\"widget\" data-widget_type=\"text-editor.default\">\n\t\t\t\t\t\t\t\t\tBarrierefreiheit testen\t\t\t\t\t\t\t\t<\/div>\n\t\t\t\t<div class=\"elementor-element elementor-element-1fbe529 elementor-widget__width-initial elementor-widget elementor-widget-heading\" data-id=\"1fbe529\" data-element_type=\"widget\" data-widget_type=\"heading.default\">\n\t\t\t\t\t<h1 class=\"elementor-heading-title elementor-size-default\">Automatische Pr\u00fcfung von Websites f\u00fcr das Barrierefreiheits-St\u00e4rkungs-Gesetz<\/h1>\t\t\t\t<\/div>\n\t\t\t\t<div class=\"elementor-element elementor-element-d1814a4 elementor-widget elementor-widget-image\" data-id=\"d1814a4\" data-element_type=\"widget\" data-widget_type=\"image.default\">\n\t\t\t\t\t\t\t\t\t\t\t\t\t\t\t<img loading=\"lazy\" decoding=\"async\" width=\"1267\" height=\"540\" src=\"https:\/\/decareto.com\/wp-content\/uploads\/2025\/04\/a11y_1_de.png\" class=\"attachment-full size-full wp-image-3042\" alt=\"\" srcset=\"https:\/\/decareto.com\/wp-content\/uploads\/2025\/04\/a11y_1_de.png 1267w, https:\/\/decareto.com\/wp-content\/uploads\/2025\/04\/a11y_1_de-300x128.png 300w, https:\/\/decareto.com\/wp-content\/uploads\/2025\/04\/a11y_1_de-1024x436.png 1024w, https:\/\/decareto.com\/wp-content\/uploads\/2025\/04\/a11y_1_de-768x327.png 768w\" sizes=\"auto, (max-width: 1267px) 100vw, 1267px\" \/>\t\t\t\t\t\t\t\t\t\t\t\t\t\t\t<\/div>\n\t\t\t\t\t<\/div>\n\t\t\t\t<\/div>\n\t\t<div class=\"elementor-element elementor-element-23d016f e-flex e-con-boxed e-con e-child\" data-id=\"23d016f\" data-element_type=\"container\" data-settings=\"{&quot;background_background&quot;:&quot;classic&quot;}\">\n\t\t\t\t\t<div class=\"e-con-inner\">\n\t\t\t\t<div class=\"elementor-element elementor-element-eb5e459 elementor-widget__width-initial elementor-widget elementor-widget-heading\" data-id=\"eb5e459\" data-element_type=\"widget\" data-widget_type=\"heading.default\">\n\t\t\t\t\t<h2 class=\"elementor-heading-title elementor-size-default\">Das sagen Agenturen \u00fcber decareto<\/h2>\t\t\t\t<\/div>\n\t\t<div class=\"elementor-element elementor-element-86bea69 e-con-full e-flex e-con e-child\" data-id=\"86bea69\" data-element_type=\"container\">\n\t\t\t\t<div class=\"elementor-element elementor-element-d330837 elementor-pagination-type-bullets elementor-arrows-position-inside elementor-pagination-position-outside elementor-widget elementor-widget-n-carousel\" data-id=\"d330837\" data-element_type=\"widget\" data-settings=\"{&quot;carousel_items&quot;:[{&quot;slide_title&quot;:&quot;Slide #1&quot;,&quot;_id&quot;:&quot;0799339&quot;}],&quot;slides_to_show&quot;:&quot;1&quot;,&quot;slides_to_show_tablet&quot;:&quot;1&quot;,&quot;slides_to_show_mobile&quot;:&quot;1&quot;,&quot;speed&quot;:500,&quot;arrows&quot;:&quot;yes&quot;,&quot;pagination&quot;:&quot;bullets&quot;,&quot;image_spacing_custom&quot;:{&quot;unit&quot;:&quot;px&quot;,&quot;size&quot;:10,&quot;sizes&quot;:[]},&quot;image_spacing_custom_laptop&quot;:{&quot;unit&quot;:&quot;px&quot;,&quot;size&quot;:&quot;&quot;,&quot;sizes&quot;:[]},&quot;image_spacing_custom_tablet&quot;:{&quot;unit&quot;:&quot;px&quot;,&quot;size&quot;:&quot;&quot;,&quot;sizes&quot;:[]},&quot;image_spacing_custom_mobile&quot;:{&quot;unit&quot;:&quot;px&quot;,&quot;size&quot;:&quot;&quot;,&quot;sizes&quot;:[]}}\" data-widget_type=\"nested-carousel.default\">\n\t\t\t\t\t\t\t<div class=\"e-n-carousel swiper\" role=\"region\" aria-roledescription=\"carousel\" aria-label=\"Carousel\" dir=\"ltr\">\n\t\t\t<div class=\"swiper-wrapper\" aria-live=\"polite\">\n\t\t\t\t\t\t\t\t\t\t<div class=\"swiper-slide\" data-slide=\"1\" role=\"group\" aria-roledescription=\"slide\" aria-label=\"1 von 1\">\n\t\t\t\t\t\t\t<div class=\"elementor-element elementor-element-3d231cd e-flex e-con-boxed e-con e-child\" data-id=\"3d231cd\" data-element_type=\"container\">\n\t\t\t\t\t<div class=\"e-con-inner\">\n\t\t<div class=\"elementor-element elementor-element-8b3b64c e-grid e-con-full e-con e-child\" data-id=\"8b3b64c\" data-element_type=\"container\" data-settings=\"{&quot;background_background&quot;:&quot;classic&quot;}\">\n\t\t<div class=\"elementor-element elementor-element-0b7b1d7 e-con-full e-flex e-con e-child\" data-id=\"0b7b1d7\" data-element_type=\"container\">\n\t\t\t\t<div class=\"elementor-element elementor-element-c3e90c8 elementor-widget elementor-widget-text-editor\" data-id=\"c3e90c8\" data-element_type=\"widget\" data-widget_type=\"text-editor.default\">\n\t\t\t\t\t\t\t\t\tIch bin begeistert davon, wie die Pr\u00fcfung auf Barrierefreiheit bei decareto umgesetzt wurde. Das schafft f\u00fcr mich einen riesigen Mehrwert. Es ist vom Start weg ein tolles Tool geworden!\n \t\t\t\t\t\t\t\t<\/div>\n\t\t<div class=\"elementor-element elementor-element-e5557e5 e-con-full e-flex e-con e-child\" data-id=\"e5557e5\" data-element_type=\"container\">\n\t\t<div class=\"elementor-element elementor-element-0c895e5 e-con-full e-flex e-con e-child\" data-id=\"0c895e5\" data-element_type=\"container\">\n\t\t\t\t<div class=\"elementor-element elementor-element-3861b3a elementor-widget elementor-widget-text-editor\" data-id=\"3861b3a\" data-element_type=\"widget\" data-widget_type=\"text-editor.default\">\n\t\t\t\t\t\t\t\t\tBenjamin Stau\u00df\t\t\t\t\t\t\t\t<\/div>\n\t\t\t\t<div class=\"elementor-element elementor-element-31073a0 elementor-widget elementor-widget-text-editor\" data-id=\"31073a0\" data-element_type=\"widget\" data-widget_type=\"text-editor.default\">\n\t\t\t\t\t\t\t\t\tWebwerkstatt Stau\u00df GmbH &#038; Co. KG\t\t\t\t\t\t\t\t<\/div>\n\t\t\t\t<\/div>\n\t\t\t\t<\/div>\n\t\t\t\t<\/div>\n\t\t\t\t<div class=\"elementor-element elementor-element-b5f5c57 elementor-widget elementor-widget-image\" data-id=\"b5f5c57\" data-element_type=\"widget\" data-widget_type=\"image.default\">\n\t\t\t\t\t\t\t\t\t\t\t\t\t\t\t<img loading=\"lazy\" decoding=\"async\" width=\"827\" height=\"786\" src=\"https:\/\/decareto.com\/wp-content\/uploads\/2025\/05\/benjamin_stauss-1.webp\" class=\"attachment-full size-full wp-image-3263\" alt=\"\" srcset=\"https:\/\/decareto.com\/wp-content\/uploads\/2025\/05\/benjamin_stauss-1.webp 827w, https:\/\/decareto.com\/wp-content\/uploads\/2025\/05\/benjamin_stauss-1-300x285.webp 300w, https:\/\/decareto.com\/wp-content\/uploads\/2025\/05\/benjamin_stauss-1-768x730.webp 768w\" sizes=\"auto, (max-width: 827px) 100vw, 827px\" \/>\t\t\t\t\t\t\t\t\t\t\t\t\t\t\t<\/div>\n\t\t\t\t<\/div>\n\t\t\t\t\t<\/div>\n\t\t\t\t<\/div>\n\t\t\t\t\t\t\t\t<\/div>\n\t\t\t\t\t\t\t\t<\/div>\n\t\t<\/div>\n\t\t\t\t\t\t<\/div>\n\t\t\t\t<\/div>\n\t\t\t\t\t<\/div>\n\t\t\t\t<\/div>\n\t\t<div class=\"elementor-element elementor-element-07f41f9 e-flex e-con-boxed e-con e-child\" data-id=\"07f41f9\" data-element_type=\"container\" data-settings=\"{&quot;background_background&quot;:&quot;classic&quot;}\">\n\t\t\t\t\t<div class=\"e-con-inner\">\n\t\t<div class=\"elementor-element elementor-element-72e7594 e-grid e-con-full e-con e-child\" data-id=\"72e7594\" data-element_type=\"container\" data-settings=\"{&quot;background_background&quot;:&quot;classic&quot;}\">\n\t\t<div class=\"elementor-element elementor-element-d6db034 e-con-full e-flex e-con e-child\" data-id=\"d6db034\" data-element_type=\"container\">\n\t\t\t\t<div class=\"elementor-element elementor-element-7463b9a elementor-widget__width-initial elementor-widget elementor-widget-text-editor\" data-id=\"7463b9a\" data-element_type=\"widget\" data-widget_type=\"text-editor.default\">\n\t\t\t\t\t\t\t\t\tBITV und BFSG \u00fcberpr\u00fcfen\t\t\t\t\t\t\t\t<\/div>\n\t\t<div class=\"elementor-element elementor-element-65083b8 e-con-full e-flex e-con e-child\" data-id=\"65083b8\" data-element_type=\"container\">\n\t\t\t\t<div class=\"elementor-element elementor-element-554d8c8 elementor-widget elementor-widget-heading\" data-id=\"554d8c8\" data-element_type=\"widget\" data-widget_type=\"heading.default\">\n\t\t\t\t\t<h2 class=\"elementor-heading-title elementor-size-default\">Automatische Pr\u00fcfung Ihrer Websites<\/h2>\t\t\t\t<\/div>\n\t\t\t\t<div class=\"elementor-element elementor-element-64a444a elementor-widget elementor-widget-text-editor\" data-id=\"64a444a\" data-element_type=\"widget\" data-widget_type=\"text-editor.default\">\n\t\t\t\t\t\t\t\t\tdecareto scannt Ihre Websites auf Verletzungen der &#8222;Web Content Accessibility Guidelines&#8220;, bedient das Consent-Banner, und kann auch Passwort-gesch\u00fctzte Websites pr\u00fcfen\t\t\t\t\t\t\t\t<\/div>\n\t\t\t\t<\/div>\n\t\t<div class=\"elementor-element elementor-element-5db886d e-con-full e-flex e-con e-child\" data-id=\"5db886d\" data-element_type=\"container\">\n\t\t\t\t<div class=\"elementor-element elementor-element-ea6049a btn_border_white elementor-widget elementor-widget-button\" data-id=\"ea6049a\" data-element_type=\"widget\" data-widget_type=\"button.default\">\n\t\t\t\t\t\t\t\t\t\t<a class=\"elementor-button elementor-button-link elementor-size-sm\" href=\"https:\/\/calendly.com\/eckhard-schneider\/demo\/\">\n\t\t\t\t\t\t<span class=\"elementor-button-content-wrapper\">\n\t\t\t\t\t\t\t\t\t<span class=\"elementor-button-text\">Demo vereinbaren<\/span>\n\t\t\t\t\t<\/span>\n\t\t\t\t\t<\/a>\n\t\t\t\t\t\t\t\t<\/div>\n\t\t\t\t<div class=\"elementor-element elementor-element-c5f1f6e btn_border_blue utm_link_btn elementor-widget elementor-widget-button\" data-id=\"c5f1f6e\" data-element_type=\"widget\" data-widget_type=\"button.default\">\n\t\t\t\t\t\t\t\t\t\t<a class=\"elementor-button elementor-button-link elementor-size-sm\" href=\"https:\/\/decareto.com\/de\/signup\/\">\n\t\t\t\t\t\t<span class=\"elementor-button-content-wrapper\">\n\t\t\t\t\t\t<span class=\"elementor-button-icon\">\n\t\t\t\t<svg aria-hidden=\"true\" class=\"e-font-icon-svg e-fas-arrow-right\" viewBox=\"0 0 448 512\" xmlns=\"http:\/\/www.w3.org\/2000\/svg\"><path d=\"M190.5 66.9l22.2-22.2c9.4-9.4 24.6-9.4 33.9 0L441 239c9.4 9.4 9.4 24.6 0 33.9L246.6 467.3c-9.4 9.4-24.6 9.4-33.9 0l-22.2-22.2c-9.5-9.5-9.3-25 .4-34.3L311.4 296H24c-13.3 0-24-10.7-24-24v-32c0-13.3 10.7-24 24-24h287.4L190.9 101.2c-9.8-9.3-10-24.8-.4-34.3z\"><\/path><\/svg>\t\t\t<\/span>\n\t\t\t\t\t\t\t\t\t<span class=\"elementor-button-text\">Jetzt kostenlos testen<\/span>\n\t\t\t\t\t<\/span>\n\t\t\t\t\t<\/a>\n\t\t\t\t\t\t\t\t<\/div>\n\t\t\t\t<\/div>\n\t\t\t\t<\/div>\n\t\t\t\t<div class=\"elementor-element elementor-element-fd0d0da elementor-widget elementor-widget-image\" data-id=\"fd0d0da\" data-element_type=\"widget\" data-widget_type=\"image.default\">\n\t\t\t\t\t\t\t\t\t\t\t\t\t\t\t<img loading=\"lazy\" decoding=\"async\" width=\"523\" height=\"520\" src=\"https:\/\/decareto.com\/wp-content\/uploads\/2025\/04\/a11y_2_de.png\" class=\"attachment-full size-full wp-image-3038\" alt=\"\" srcset=\"https:\/\/decareto.com\/wp-content\/uploads\/2025\/04\/a11y_2_de.png 523w, https:\/\/decareto.com\/wp-content\/uploads\/2025\/04\/a11y_2_de-300x298.png 300w, https:\/\/decareto.com\/wp-content\/uploads\/2025\/04\/a11y_2_de-150x150.png 150w\" sizes=\"auto, (max-width: 523px) 100vw, 523px\" \/>\t\t\t\t\t\t\t\t\t\t\t\t\t\t\t<\/div>\n\t\t\t\t<\/div>\n\t\t<div class=\"elementor-element elementor-element-c09b81f e-grid e-con-full e-con e-child\" data-id=\"c09b81f\" data-element_type=\"container\" data-settings=\"{&quot;background_background&quot;:&quot;classic&quot;}\">\n\t\t\t\t<div class=\"elementor-element elementor-element-5187cad elementor-widget elementor-widget-image\" data-id=\"5187cad\" data-element_type=\"widget\" data-widget_type=\"image.default\">\n\t\t\t\t\t\t\t\t\t\t\t\t\t\t\t<img loading=\"lazy\" decoding=\"async\" width=\"523\" height=\"520\" src=\"https:\/\/decareto.com\/wp-content\/uploads\/2025\/04\/a11y_3_de.png\" class=\"attachment-full size-full wp-image-3034\" alt=\"\" srcset=\"https:\/\/decareto.com\/wp-content\/uploads\/2025\/04\/a11y_3_de.png 523w, https:\/\/decareto.com\/wp-content\/uploads\/2025\/04\/a11y_3_de-300x298.png 300w, https:\/\/decareto.com\/wp-content\/uploads\/2025\/04\/a11y_3_de-150x150.png 150w\" sizes=\"auto, (max-width: 523px) 100vw, 523px\" \/>\t\t\t\t\t\t\t\t\t\t\t\t\t\t\t<\/div>\n\t\t<div class=\"elementor-element elementor-element-f74568c e-con-full e-flex e-con e-child\" data-id=\"f74568c\" data-element_type=\"container\">\n\t\t\t\t<div class=\"elementor-element elementor-element-0d643d5 elementor-widget__width-initial elementor-widget elementor-widget-text-editor\" data-id=\"0d643d5\" data-element_type=\"widget\" data-widget_type=\"text-editor.default\">\n\t\t\t\t\t\t\t\t\tHilfe bei Probleml\u00f6sung\t\t\t\t\t\t\t\t<\/div>\n\t\t<div class=\"elementor-element elementor-element-dda92a4 e-con-full e-flex e-con e-child\" data-id=\"dda92a4\" data-element_type=\"container\">\n\t\t\t\t<div class=\"elementor-element elementor-element-8ddd06b elementor-widget elementor-widget-heading\" data-id=\"8ddd06b\" data-element_type=\"widget\" data-widget_type=\"heading.default\">\n\t\t\t\t\t<h2 class=\"elementor-heading-title elementor-size-default\">Konkrete Empfehlungen<\/h2>\t\t\t\t<\/div>\n\t\t\t\t<div class=\"elementor-element elementor-element-5f09a41 elementor-widget elementor-widget-text-editor\" data-id=\"5f09a41\" data-element_type=\"widget\" data-widget_type=\"text-editor.default\">\n\t\t\t\t\t\t\t\t\tDer Report erm\u00f6glicht das Filtern der Probleme nach Schweregrad, fasst Probleme von mehreren Unterseiten zusammen und zeigt Screenshots der Fundstellen an. So k\u00f6nnen Sie wichtige Themen leicht finden und zuerst beheben.\t\t\t\t\t\t\t\t<\/div>\n\t\t\t\t<\/div>\n\t\t<div class=\"elementor-element elementor-element-d088900 e-con-full e-flex e-con e-child\" data-id=\"d088900\" data-element_type=\"container\">\n\t\t\t\t<div class=\"elementor-element elementor-element-341f617 btn_border_white elementor-widget elementor-widget-button\" data-id=\"341f617\" data-element_type=\"widget\" data-widget_type=\"button.default\">\n\t\t\t\t\t\t\t\t\t\t<a class=\"elementor-button elementor-button-link elementor-size-sm\" href=\"https:\/\/calendly.com\/eckhard-schneider\/demo\/\">\n\t\t\t\t\t\t<span class=\"elementor-button-content-wrapper\">\n\t\t\t\t\t\t\t\t\t<span class=\"elementor-button-text\">Demo vereinbaren<\/span>\n\t\t\t\t\t<\/span>\n\t\t\t\t\t<\/a>\n\t\t\t\t\t\t\t\t<\/div>\n\t\t\t\t<div class=\"elementor-element elementor-element-630f6b0 btn_border_blue utm_link_btn elementor-widget elementor-widget-button\" data-id=\"630f6b0\" data-element_type=\"widget\" data-widget_type=\"button.default\">\n\t\t\t\t\t\t\t\t\t\t<a class=\"elementor-button elementor-button-link elementor-size-sm\" href=\"https:\/\/decareto.com\/de\/signup\/\">\n\t\t\t\t\t\t<span class=\"elementor-button-content-wrapper\">\n\t\t\t\t\t\t<span class=\"elementor-button-icon\">\n\t\t\t\t<svg aria-hidden=\"true\" class=\"e-font-icon-svg e-fas-arrow-right\" viewBox=\"0 0 448 512\" xmlns=\"http:\/\/www.w3.org\/2000\/svg\"><path d=\"M190.5 66.9l22.2-22.2c9.4-9.4 24.6-9.4 33.9 0L441 239c9.4 9.4 9.4 24.6 0 33.9L246.6 467.3c-9.4 9.4-24.6 9.4-33.9 0l-22.2-22.2c-9.5-9.5-9.3-25 .4-34.3L311.4 296H24c-13.3 0-24-10.7-24-24v-32c0-13.3 10.7-24 24-24h287.4L190.9 101.2c-9.8-9.3-10-24.8-.4-34.3z\"><\/path><\/svg>\t\t\t<\/span>\n\t\t\t\t\t\t\t\t\t<span class=\"elementor-button-text\">Jetzt kostenlos testen<\/span>\n\t\t\t\t\t<\/span>\n\t\t\t\t\t<\/a>\n\t\t\t\t\t\t\t\t<\/div>\n\t\t\t\t<\/div>\n\t\t\t\t<\/div>\n\t\t\t\t<\/div>\n\t\t<div class=\"elementor-element elementor-element-7a02d20 e-grid e-con-full e-con e-child\" data-id=\"7a02d20\" data-element_type=\"container\" data-settings=\"{&quot;background_background&quot;:&quot;classic&quot;}\">\n\t\t<div class=\"elementor-element elementor-element-feb758c e-con-full e-flex e-con e-child\" data-id=\"feb758c\" data-element_type=\"container\">\n\t\t\t\t<div class=\"elementor-element elementor-element-ed2808d elementor-widget__width-initial elementor-widget elementor-widget-text-editor\" data-id=\"ed2808d\" data-element_type=\"widget\" data-widget_type=\"text-editor.default\">\n\t\t\t\t\t\t\t\t\tIdeal f\u00fcr viele Websites\t\t\t\t\t\t\t\t<\/div>\n\t\t<div class=\"elementor-element elementor-element-621870e e-con-full e-flex e-con e-child\" data-id=\"621870e\" data-element_type=\"container\">\n\t\t\t\t<div class=\"elementor-element elementor-element-f2d574f elementor-widget elementor-widget-heading\" data-id=\"f2d574f\" data-element_type=\"widget\" data-widget_type=\"heading.default\">\n\t\t\t\t\t<h2 class=\"elementor-heading-title elementor-size-default\">Unschlagbares Preis-Leistungs-Verh\u00e4ltnis<\/h2>\t\t\t\t<\/div>\n\t\t\t\t<div class=\"elementor-element elementor-element-83dcd02 elementor-widget elementor-widget-text-editor\" data-id=\"83dcd02\" data-element_type=\"widget\" data-widget_type=\"text-editor.default\">\n\t\t\t\t\t\t\t\t\tUnsere kosteng\u00fcnstigen Tarife erlauben die Pr\u00fcfung und \u00dcberwachung einer gro\u00dfen Zahl von Websites, sowohl f\u00fcr Barrierefreiheit als auch f\u00fcr Datenschutz. \t\t\t\t\t\t\t\t<\/div>\n\t\t\t\t<\/div>\n\t\t<div class=\"elementor-element elementor-element-e25e0f2 e-con-full e-flex e-con e-child\" data-id=\"e25e0f2\" data-element_type=\"container\">\n\t\t\t\t<div class=\"elementor-element elementor-element-df179f7 btn_border_white elementor-widget elementor-widget-button\" data-id=\"df179f7\" data-element_type=\"widget\" data-widget_type=\"button.default\">\n\t\t\t\t\t\t\t\t\t\t<a class=\"elementor-button elementor-button-link elementor-size-sm\" href=\"https:\/\/calendly.com\/eckhard-schneider\/demo\/\">\n\t\t\t\t\t\t<span class=\"elementor-button-content-wrapper\">\n\t\t\t\t\t\t\t\t\t<span class=\"elementor-button-text\">Demo vereinbaren<\/span>\n\t\t\t\t\t<\/span>\n\t\t\t\t\t<\/a>\n\t\t\t\t\t\t\t\t<\/div>\n\t\t\t\t<div class=\"elementor-element elementor-element-53acacd btn_border_blue utm_link_btn elementor-widget elementor-widget-button\" data-id=\"53acacd\" data-element_type=\"widget\" data-widget_type=\"button.default\">\n\t\t\t\t\t\t\t\t\t\t<a class=\"elementor-button elementor-button-link elementor-size-sm\" href=\"https:\/\/decareto.com\/de\/signup\/\">\n\t\t\t\t\t\t<span class=\"elementor-button-content-wrapper\">\n\t\t\t\t\t\t<span class=\"elementor-button-icon\">\n\t\t\t\t<svg aria-hidden=\"true\" class=\"e-font-icon-svg e-fas-arrow-right\" viewBox=\"0 0 448 512\" xmlns=\"http:\/\/www.w3.org\/2000\/svg\"><path d=\"M190.5 66.9l22.2-22.2c9.4-9.4 24.6-9.4 33.9 0L441 239c9.4 9.4 9.4 24.6 0 33.9L246.6 467.3c-9.4 9.4-24.6 9.4-33.9 0l-22.2-22.2c-9.5-9.5-9.3-25 .4-34.3L311.4 296H24c-13.3 0-24-10.7-24-24v-32c0-13.3 10.7-24 24-24h287.4L190.9 101.2c-9.8-9.3-10-24.8-.4-34.3z\"><\/path><\/svg>\t\t\t<\/span>\n\t\t\t\t\t\t\t\t\t<span class=\"elementor-button-text\">Jetzt kostenlos testen<\/span>\n\t\t\t\t\t<\/span>\n\t\t\t\t\t<\/a>\n\t\t\t\t\t\t\t\t<\/div>\n\t\t\t\t<\/div>\n\t\t\t\t<\/div>\n\t\t\t\t<div class=\"elementor-element elementor-element-cb15c88 elementor-widget elementor-widget-image\" data-id=\"cb15c88\" data-element_type=\"widget\" data-widget_type=\"image.default\">\n\t\t\t\t\t\t\t\t\t\t\t\t\t\t\t<img loading=\"lazy\" decoding=\"async\" width=\"523\" height=\"520\" src=\"https:\/\/decareto.com\/wp-content\/uploads\/2025\/04\/a11_4_de.png\" class=\"attachment-full size-full wp-image-3030\" alt=\"\" srcset=\"https:\/\/decareto.com\/wp-content\/uploads\/2025\/04\/a11_4_de.png 523w, https:\/\/decareto.com\/wp-content\/uploads\/2025\/04\/a11_4_de-300x298.png 300w, https:\/\/decareto.com\/wp-content\/uploads\/2025\/04\/a11_4_de-150x150.png 150w\" sizes=\"auto, (max-width: 523px) 100vw, 523px\" \/>\t\t\t\t\t\t\t\t\t\t\t\t\t\t\t<\/div>\n\t\t\t\t<\/div>\n\t\t\t\t\t<\/div>\n\t\t\t\t<\/div>\n\t\t\t\t<\/main>\n\t\t\t\t<\/div>\n\t\t","protected":false},"excerpt":{"rendered":"<p>Barrierefreiheit testen Automatische Pr\u00fcfung von Websites f\u00fcr das Barrierefreiheits-St\u00e4rkungs-Gesetz Das sagen Agenturen \u00fcber decareto Ich bin begeistert davon, wie die Pr\u00fcfung auf Barrierefreiheit bei decareto umgesetzt wurde. Das schafft f\u00fcr mich einen riesigen Mehrwert. Es ist vom Start weg ein tolles Tool geworden! Benjamin Stau\u00df Webwerkstatt Stau\u00df GmbH &#038; Co. KG Ich bin begeistert davon, [&hellip;]<\/p>\n","protected":false},"author":1,"featured_media":0,"parent":0,"menu_order":0,"comment_status":"closed","ping_status":"closed","template":"elementor_header_footer","meta":{"_acf_changed":false,"_seopress_robots_primary_cat":"","_seopress_titles_title":"decareto | Websites auf Barrierefreiheit \u00fcberpr\u00fcfen","_seopress_titles_desc":"decareto \u00fcberpr\u00fcft Websites vollau-tomatisch auf Probleme mit Barriere-freiheit","_seopress_robots_index":"","footnotes":""},"class_list":["post-3076","page","type-page","status-publish","hentry"],"acf":[],"_links":{"self":[{"href":"https:\/\/decareto.com\/de\/wp-json\/wp\/v2\/pages\/3076","targetHints":{"allow":["GET"]}}],"collection":[{"href":"https:\/\/decareto.com\/de\/wp-json\/wp\/v2\/pages"}],"about":[{"href":"https:\/\/decareto.com\/de\/wp-json\/wp\/v2\/types\/page"}],"author":[{"embeddable":true,"href":"https:\/\/decareto.com\/de\/wp-json\/wp\/v2\/users\/1"}],"replies":[{"embeddable":true,"href":"https:\/\/decareto.com\/de\/wp-json\/wp\/v2\/comments?post=3076"}],"version-history":[{"count":24,"href":"https:\/\/decareto.com\/de\/wp-json\/wp\/v2\/pages\/3076\/revisions"}],"predecessor-version":[{"id":3993,"href":"https:\/\/decareto.com\/de\/wp-json\/wp\/v2\/pages\/3076\/revisions\/3993"}],"wp:attachment":[{"href":"https:\/\/decareto.com\/de\/wp-json\/wp\/v2\/media?parent=3076"}],"curies":[{"name":"wp","href":"https:\/\/api.w.org\/{rel}","templated":true}]}}